{"id":2732,"date":"2025-05-10T08:48:46","date_gmt":"2025-05-09T23:48:46","guid":{"rendered":"http:\/\/xs190290.xsrv.jp\/?page_id=2732"},"modified":"2025-09-25T08:30:35","modified_gmt":"2025-09-24T23:30:35","slug":"politique-de-confidentialite","status":"publish","type":"page","link":"https:\/\/mfrancais.com\/?page_id=2732","title":{"rendered":"Politique de confidentialit\u00e9"},"content":{"rendered":"\n<h2 class=\"wp-block-heading\">Politique de confidentialit\u00e9<\/h2>\n\n\n\n<h2 class=\"wp-block-heading has-large-font-size\">Qui sommes-nous<\/h2>\n\n\n\n<p>MFran\u00e7ais.com est un site de r\u00e9servation de cours de fran\u00e7ais en ligne. L&rsquo;adresse du site Web est : https:\/\/mfrancais.com <br>La soci\u00e9t\u00e9 est bas\u00e9e au Japon.<\/p>\n\n\n\n<div class=\"wp-block-stackable-columns stk-block-columns stk-block stk-50a2198\" data-block-id=\"50a2198\"><style>.stk-50a2198 {margin-bottom:0px !important;}<\/style><div class=\"stk-row stk-inner-blocks stk-block-content stk-content-align stk-50a2198-column\">\n<div class=\"wp-block-stackable-column stk-block-column stk-column stk-block stk-e996a88\" data-v=\"4\" data-block-id=\"e996a88\"><style>.stk-e996a88-container{margin-top:0px !important;margin-right:0px !important;margin-bottom:0px !important;margin-left:0px !important;}@media screen and (min-width:690px){.stk-e996a88 {flex:var(--stk-flex-grow, 1) 1 calc(10% - var(--stk-column-gap, 0px) * 1 \/ 2 ) !important;}}<\/style><div class=\"stk-column-wrapper stk-block-column__content stk-container stk-e996a88-container stk--no-background stk--no-padding\"><div class=\"stk-block-content stk-inner-blocks stk-e996a88-inner-blocks\">\n<h4 class=\"wp-block-heading\">Cookies<\/h4>\n<\/div><\/div><\/div>\n\n\n\n<div class=\"wp-block-stackable-column stk-block-column stk-column stk-block stk-ef9b385\" data-v=\"4\" data-block-id=\"ef9b385\"><style>.stk-ef9b385-container{margin-top:0px !important;margin-right:0px !important;margin-bottom:0px !important;margin-left:0px !important;}@media screen and (min-width:690px){.stk-ef9b385 {flex:var(--stk-flex-grow, 1) 1 calc(90% - var(--stk-column-gap, 0px) * 1 \/ 2 ) !important;}}<\/style><div class=\"stk-column-wrapper stk-block-column__content stk-container stk-ef9b385-container stk--no-background stk--no-padding\"><div class=\"stk-block-content stk-inner-blocks stk-ef9b385-inner-blocks\">\n<figure class=\"wp-block-image size-full is-resized\"><img decoding=\"async\" src=\"https:\/\/mfrancais.com\/wp-content\/uploads\/2025\/05\/cookie.png\" alt=\"\" class=\"wp-image-2738\" style=\"width:29px;height:auto\"\/><\/figure>\n<\/div><\/div><\/div>\n<\/div><\/div>\n\n\n\n<p>Les cookies utilis\u00e9s sur ce site sont des cookies n\u00e9cessaires au fonctionnement du service. Ils permettent de m\u00e9moriser la langue ou la devise choisie, ou de g\u00e9rer la connexion \u00e0 votre compte.<\/p>\n\n\n\n<p>La dur\u00e9e de vie d\u2019un cookie de connexion est de 2 jours. Celle d\u2019un cookie li\u00e9 aux pr\u00e9f\u00e9rences d\u2019affichage (langue, devise) est de 30 jours. Si vous cochez l\u2019option \u00ab Se souvenir de moi \u00bb, votre connexion sera maintenue pendant 14 jours. En vous d\u00e9connectant, les cookies de connexion sont automatiquement supprim\u00e9s. <\/p>\n\n\n\n<p>Si vous utilisez un bloqueur de cookies, veillez \u00e0 autoriser les cookies de fonctionnement (cookies internes \/ <em>first-party<\/em>), sans quoi certaines fonctionnalit\u00e9s du site pourraient ne pas fonctionner correctement.<\/p>\n\n\n\n<p>Exception : Afin d&rsquo;analyser le trafic le site utilise des cookies de google analytics. Les informations sont anonymis\u00e9es, elles renseignent sur les pages visit\u00e9es, le temps pass\u00e9, les liens cliqu\u00e9s, comment l&rsquo;utilisateur est arriv\u00e9 sur le site. La localisation g\u00e9n\u00e9rale de l&rsquo;utilisateur est estim\u00e9e \u00e0 partir de son adresse IP (pays, ville). Pour les pays Europ\u00e9ens, conform\u00e9ment \u00e0 la loi RGPD l&rsquo;utilisateur peut refuser l&rsquo;utilisation de ces cookies d&rsquo;analyses.<\/p>\n\n\n\n<p>\u26a0\ufe0f Le site <strong>n\u2019utilise aucun cookie de suivi \u00e0 des fins publicitaires<\/strong>.<\/p>\n\n\n\n<h2 class=\"wp-block-heading has-large-font-size\">Avec qui partageons-nous vos donn\u00e9es<\/h2>\n\n\n\n<p>\u00c0 l\u2019exception des donn\u00e9es d\u2019analyses anonymis\u00e9es mentionn\u00e9es pr\u00e9c\u00e9demment, aucune donn\u00e9e personnelle n\u2019est transmise \u00e0 des tiers, sauf dans les cas strictement n\u00e9cessaires au fonctionnement du service :<\/p>\n\n\n\n<ul class=\"wp-block-list\">\n<li>Les donn\u00e9es n\u00e9cessaires au <strong>paiement<\/strong> (par exemple, nom, email, montant) sont transmises \u00e0 la plateforme de paiement.<\/li>\n\n\n\n<li>Pour les <strong>r\u00e9servations sur la plateforme de visioconf\u00e9rence<\/strong>, seules votre adresse email et votre nom d&rsquo;utilisateur sont utilis\u00e9s, afin de vous envoyer les informations de r\u00e9servation.<\/li>\n<\/ul>\n\n\n\n<h2 class=\"wp-block-heading has-large-font-size\">Combien de temps conservons-nous vos donn\u00e9es<\/h2>\n\n\n\n<p>Les donn\u00e9es relatives \u00e0 votre compte n\u00e9cessaires \u00e0 l&rsquo;utilisation des services du site sont conserv\u00e9es tant que votre compte est actif.  <\/p>\n\n\n\n<p>Vous pouvez consulter et modifier vos informations personnelles \u00e0 tout moment via la section <strong>Mon compte<\/strong>. Les administrateurs du site peuvent \u00e9galement y acc\u00e9der dans le cadre de la gestion du service.<\/p>\n\n\n\n<h2 class=\"wp-block-heading has-large-font-size\">Quels droits avez-vous sur vos donn\u00e9es<\/h2>\n\n\n\n<p>Vous pouvez :<\/p>\n\n\n\n<ul class=\"wp-block-list\">\n<li>Demander un fichier contenant toutes les donn\u00e9es personnelles que nous d\u00e9tenons \u00e0 votre sujet (y compris celles que vous avez fournies).<\/li>\n\n\n\n<li>Demander la <strong>suppression compl\u00e8te de vos donn\u00e9es personnelles<\/strong>. Cette demande entra\u00eene la <strong>fermeture de votre compte<\/strong>, car il ne pourra plus fonctionner sans ces donn\u00e9es.<\/li>\n<\/ul>\n\n\n\n<p>Les donn\u00e9es que nous devons conserver \u00e0 des fins l\u00e9gales, administratives ou de s\u00e9curit\u00e9 ne seront pas supprim\u00e9es avant les d\u00e9lais r\u00e9glementaires.<\/p>\n\n\n\n<h2 class=\"wp-block-heading has-large-font-size\">Liste de mail<\/h2>\n\n\n\n<p>Vous pouvez \u00e0 tout moment vous abonner \u00e0 la newsletter du site, en vous abonnant vous recevrez des mails lors de promotions ou ventes flash, lors de publication d&rsquo;articles sur le blog, ou des mails d&rsquo;informations g\u00e9n\u00e9rales sur le site. Vous pouvez \u00e0 tout moment vous d\u00e9sinscrire ou choisir le contenu que vous voulez recevoir.<\/p>\n\n\n\n<h2 class=\"wp-block-heading has-large-font-size\">Commentaires<\/h2>\n\n\n\n<p>La publication de commentaires n\u2019est pas encore disponible sur ce site.<\/p>\n\n\n\n<p><\/p>\n","protected":false},"excerpt":{"rendered":"<p>Politique de confidentialit\u00e9 Qui sommes-nous MFran\u00e7ais.com est un site de r\u00e9servation de cours de fran\u00e7ais en ligne. L&rsquo;adresse du site Web est : https:\/\/mfrancais.com La soci\u00e9t\u00e9 est bas\u00e9e au Japon. Cookies Les cookies utilis\u00e9s sur ce site sont des cookies n\u00e9cessaires au fonctionnement du service. Ils permettent de m\u00e9moriser la langue ou la devise choisie, [&hellip;]<\/p>\n","protected":false},"author":1,"featured_media":0,"parent":0,"menu_order":0,"comment_status":"closed","ping_status":"closed","template":"","meta":{"footnotes":""},"class_list":["post-2732","page","type-page","status-publish","hentry"],"blocksy_meta":[],"_links":{"self":[{"href":"https:\/\/mfrancais.com\/index.php?rest_route=\/wp\/v2\/pages\/2732","targetHints":{"allow":["GET"]}}],"collection":[{"href":"https:\/\/mfrancais.com\/index.php?rest_route=\/wp\/v2\/pages"}],"about":[{"href":"https:\/\/mfrancais.com\/index.php?rest_route=\/wp\/v2\/types\/page"}],"author":[{"embeddable":true,"href":"https:\/\/mfrancais.com\/index.php?rest_route=\/wp\/v2\/users\/1"}],"replies":[{"embeddable":true,"href":"https:\/\/mfrancais.com\/index.php?rest_route=%2Fwp%2Fv2%2Fcomments&post=2732"}],"version-history":[{"count":9,"href":"https:\/\/mfrancais.com\/index.php?rest_route=\/wp\/v2\/pages\/2732\/revisions"}],"predecessor-version":[{"id":3735,"href":"https:\/\/mfrancais.com\/index.php?rest_route=\/wp\/v2\/pages\/2732\/revisions\/3735"}],"wp:attachment":[{"href":"https:\/\/mfrancais.com\/index.php?rest_route=%2Fwp%2Fv2%2Fmedia&parent=2732"}],"curies":[{"name":"wp","href":"https:\/\/api.w.org\/{rel}","templated":true}]}}