{"id":2744,"date":"2025-05-10T15:25:25","date_gmt":"2025-05-10T06:25:25","guid":{"rendered":"http:\/\/xs190290.xsrv.jp\/?page_id=2744"},"modified":"2025-07-14T11:37:30","modified_gmt":"2025-07-14T02:37:30","slug":"f-a-q-fr","status":"publish","type":"page","link":"https:\/\/mfrancais.com\/?page_id=2744","title":{"rendered":"F.A.Q FR"},"content":{"rendered":"\n<h1 class=\"wp-block-heading\"><span style=\"color: var(--theme-palette-color-9, #3a67b5);\" class=\"stk-highlight\">Foire<\/span> <span style=\"color: var(--theme-palette-color-1, #98c1d9);\" class=\"stk-highlight\">Aux<\/span> <span style=\"color: #cf2e2e;\" class=\"stk-highlight\">Questions<\/span><\/h1>\n\n\n\n<h4 class=\"wp-block-heading\">Que fait-on lors d&rsquo;un cours ?<\/h4>\n\n\n\n<p>Un cours standard est g\u00e9n\u00e9ralement compos\u00e9 de 3 parties : conversation, grammaire, prononciation.<br>La conversation peut \u00eatre sur un sujet particulier que vous choisirez ou que le professeur vous proposera, mais \u00e7a peut \u00eatre aussi de la conversation quotidienne \u00ab\u00a0qu&rsquo;avez-vous fait ce week-end ?\u00a0\u00bb, \u00ab\u00a0qu&rsquo;avez vous pr\u00e9vu pour vos prochaines vacances\u00a0\u00bb &#8230;<br>La grammaire consiste \u00e0 voir une notion, en s&rsquo;appuyant sur un document. La notion est expliqu\u00e9e en cours et des exercices sont faits ensemble pour s&rsquo;assurer de la bonne compr\u00e9hension. Des exercices peuvent \u00eatre faits \u00e0 la maison pour assurer la r\u00e9utilisation.<br>La prononciation consiste \u00e0 expliquer des sons qui posent des difficult\u00e9s. Des exercices d&rsquo;\u00e9coute et de r\u00e9p\u00e9tition sont propos\u00e9s pour corriger la prononciation.<br>Selon votre niveau, vos objectifs, vos difficult\u00e9s, et tout simplement votre envie ce <strong>contenu<\/strong> standard est <strong>compl\u00e8tement<\/strong> <strong>adapt\u00e9 et adaptable<\/strong><\/p>\n\n\n\n<h4 class=\"wp-block-heading\">Est-ce que je dois pr\u00e9parer quelque chose avant un cours <span style=\"color: var(--theme-palette-color-1, #98c1d9);\" class=\"stk-highlight\">d&rsquo;essai<\/span> ?<\/h4>\n\n\n\n<p>Si c&rsquo;est un cours d&rsquo;essai il n&rsquo;y a rien \u00e0 pr\u00e9parer, lors du cours le professeur vous posera la question \u00ab\u00a0Pourquoi est-ce que vous souhaitez apprendre le fran\u00e7ais?\u00a0\u00bb Si vous \u00eates d\u00e9butant vous pourrez y r\u00e9pondre en anglais ou en japonais. Cela permet au professeur d&rsquo;ajuster le contenu des cours. <\/p>\n\n\n\n<h4 class=\"wp-block-heading\">Est-ce que je dois pr\u00e9parer quelque chose avant un cours ?<\/h4>\n\n\n\n<p>Le professeur vous a peut-\u00eatre donn\u00e9 des exercices \u00e0 faire, des vid\u00e9os \u00e0 regarder ou des documents \u00e0 lire. Si vous n&rsquo;avez pas le temps de le faire ce n&rsquo;est pas grave, <strong>on avance \u00e0 votre rythme<\/strong> !<\/p>\n\n\n\n<h4 class=\"wp-block-heading\">Si je suis d\u00e9butant, combien de cours faut-il pour savoir parler fran\u00e7ais ?<\/h4>\n\n\n\n<p>Il y a plusieurs r\u00e9ponses possibles, \u00e7a d\u00e9pend de beaucoup de param\u00e8tres :<br>&#8211; Quelle est votre langue maternelle ? ( Est-ce qu&rsquo;elle est proche ou \u00e9loign\u00e9e du fran\u00e7ais)<br>&#8211; Si votre langue maternelle est \u00e9loign\u00e9e du fran\u00e7ais, parlez-vous d\u00e9j\u00e0 une autre langue proche du fran\u00e7ais ?<br>&#8211; Est-ce que vous avez le temps d&rsquo;\u00e9tudier ou de pratiquer en dehors des cours ? ( \u00cates vous dans un environnement francophone?)<br>&#8211; Combien de cours pouvez-vous ou souhaitez vous prendre chaque semaine ?<br>En travaillant r\u00e9guli\u00e8rement en dehors des cours, un \u00e9tudiant de langue maternelle dont la grammaire est proche du fran\u00e7ais, peut avoir une conversation quotidienne en 6 mois.<br>Un \u00e9tudiant de langue maternelle \u00e9loign\u00e9e du fran\u00e7ais, peut avoir une conversation quotidienne en fran\u00e7ais au bout d&rsquo;un an.<br>Mais chaque \u00e9tudiant est <strong>diff\u00e9rent<\/strong> et la capacit\u00e9 \u00e0 apprendre une langue est tr\u00e8s variable, il n&rsquo;y a donc pas de r\u00e9ponse unique !<\/p>\n\n\n\n<h4 class=\"wp-block-heading\">Est-ce que le professeur m&rsquo;envoie du mat\u00e9riel ?<\/h4>\n\n\n\n<p>Pendant les cours le professeur prend des notes, pr\u00e9sente des documents et des exercices qui sont utilis\u00e9s pendant le cours. Apr\u00e8s chaque cours ces documents vous sont envoy\u00e9s. Il peut aussi parfois envoyer du mat\u00e9riel suppl\u00e9mentaire.<\/p>\n\n\n\n<h4 class=\"wp-block-heading\">Comment r\u00e9server un cours ?<\/h4>\n\n\n\n<p>Pour r\u00e9server un cours il faut cr\u00e9er un compte et acheter un (ou plusieurs) cr\u00e9dit de cours.<\/p>\n\n\n\n<h4 class=\"wp-block-heading\">Comment fonctionnent les cr\u00e9dits de cours ?<\/h4>\n\n\n\n<p>Si vous achetez un cr\u00e9dit de cours, il vous permet de r\u00e9server un cours de 50 minutes ou 2 cours de 25 minutes.<br>Lorsque vous achetez un cr\u00e9dit, votre nombre de cr\u00e9dits disponibles est affich\u00e9 sur votre compte. A chaque r\u00e9servation le nombre de cr\u00e9dits est mis \u00e0 jour (moins 1 pour un cours de 50 minutes, moins 0.5 pour un cours de 25 minutes)<br>Les cr\u00e9dits sont valables 3 mois* \u00e0 partir de la date d&rsquo;achat sauf mention contraire (promotion). <\/p>\n\n\n\n<p>*la validit\u00e9 peut \u00eatre prolong\u00e9e dans des cas exceptionnels tels que la maladie (dans ces cas la prolongation aura lieu apr\u00e8s discussion avec le professeur)<\/p>\n\n\n\n<h4 class=\"wp-block-heading\">Est-ce que je peux annuler un cours ?<\/h4>\n\n\n\n<p>L&rsquo;annulation est possible jusqu&rsquo;\u00e0 <span style=\"color: #cf2e2e;\" class=\"stk-highlight\">24 heures<\/span> avant le cours et le cr\u00e9dit est restitu\u00e9. Si le cours a lieu dans moins de <span style=\"color: #cf2e2e;\" class=\"stk-highlight\">24 heures<\/span> vous ne pouvez plus annuler et le cr\u00e9dit de cours est perdu.<\/p>\n\n\n\n<h4 class=\"wp-block-heading\">Est-ce que je peux re-planifier un cours ?<\/h4>\n\n\n\n<p>Pour re-planifier un cours il faut l&rsquo;annuler et en reprogrammer un nouveau. Si c&rsquo;est fait plus de <span style=\"color: #cf2e2e;\" class=\"stk-highlight\">24 heures<\/span> avant l&rsquo;heure du cours, le cr\u00e9dit de cours est restitu\u00e9 lors de l&rsquo;annulation et donc vous pouvez le r\u00e9utiliser.<\/p>\n\n\n\n<h4 class=\"wp-block-heading\">Est-ce que je peux r\u00e9server un cours d&rsquo;essai avec des cr\u00e9dits de cours ?<\/h4>\n\n\n\n<p>Pour r\u00e9server un cours d&rsquo;essai il faut acheter un cours d&rsquo;essai, c&rsquo;est diff\u00e9rent des cr\u00e9dits de cours. Si vous achetez un cours d&rsquo;essai le syst\u00e8me vous proposera de le planifier avant de pouvoir planifier un cours normal.<\/p>\n\n\n\n<h4 class=\"wp-block-heading\">Est-ce que le cours d&rsquo;essai est obligatoire ?<\/h4>\n\n\n\n<p>Non si vous le souhaitez vous pouvez acheter directement des cr\u00e9dits de cours. Le cours d&rsquo;essai permet de rencontrer le professeur, de lui expliquer ses objectifs et de lui poser des questions. Si vous achetez un cours d&rsquo;essai il doit \u00eatre planifi\u00e9 avant de pouvoir planifier d&rsquo;autres cours.<\/p>\n\n\n\n<h4 class=\"wp-block-heading\">Que se passe-t-il si je n&rsquo;assiste pas \u00e0 un cours ?<\/h4>\n\n\n\n<p>Si vous n&rsquo;\u00eates pas pr\u00e9sent* au moment du cours, le cr\u00e9dit de cours est <span style=\"color: #cf2e2e;\" class=\"stk-highlight\">consomm\u00e9<\/span>.<br>* En cas de probl\u00e8me technique, si l&rsquo;\u00e9tudiant est pr\u00e9sent et peut \u00e9changer avec le professeur par message mais que le syst\u00e8me de vid\u00e9o ne fonctionne pas, le cr\u00e9dit pourra \u00eatre restitu\u00e9.<\/p>\n\n\n\n<h4 class=\"wp-block-heading\">Que se passe-t-il si le professeur est absent ?<\/h4>\n\n\n\n<p>Dans des cas de force majeure (tr\u00e8s rare!) le professeur peut avoir besoin de re-planifier un cours : dans ce cas il pr\u00e9vient l&rsquo;\u00e9tudiant le plus t\u00f4t possible et le cr\u00e9dit de cours est restitu\u00e9<\/p>\n\n\n\n<h4 class=\"wp-block-heading\">J&rsquo;ai r\u00e9serv\u00e9 un cours mais je ne le vois pas dans mon agenda. Que dois-je faire ?<\/h4>\n\n\n\n<p>Envoyez un message au professeur en indiquant la date \u00e0 laquelle vous avez r\u00e9serv\u00e9 et la date \u00e0 laquelle vous souhaitiez r\u00e9server. Il v\u00e9rifiera et, si il s&rsquo;agit d&rsquo;un probl\u00e8me technique il r\u00e9servera pour vous (si le cr\u00e9neau est disponible)<\/p>\n\n\n\n<h4 class=\"wp-block-heading\">Pourquoi certains horaires ne sont-ils jamais disponibles ?<\/h4>\n\n\n\n<p>Le professeur habite au Japon, donc en fonction de votre fuseau horaire il se peut que certains horaires ne soient jamais disponibles. Les horaires de cours sont de 9h \u00e0 21h UTC + 9 (Japon) donc par exemple pour Montr\u00e9al  les horaires possibles sont entre 20 h le soir et 8h le matin (heure d&rsquo;\u00e9t\u00e9) o\u00f9 entre 19h le soir et 7h le matin.<\/p>\n\n\n\n<h4 class=\"wp-block-heading\">Le seul cr\u00e9neau auquel je peux avoir le cours n&rsquo;est pas disponible, que puis-je faire ?<\/h4>\n\n\n\n<p>Contactez le professeur et expliquez lui, il peut parfois faire des <span style=\"color: var(--theme-palette-color-9, #3a67b5);\" class=\"stk-highlight\">miracles<\/span> avec l&rsquo;agenda ! (mais pas toujours !)<\/p>\n\n\n\n<h4 class=\"wp-block-heading\">Vous n&rsquo;avez pas trouv\u00e9 la r\u00e9ponse que vous cherchiez ? <\/h4>\n\n\n\n<p>Vous pouvez poser directement votre question ou exposer votre probl\u00e8me <a href=\"https:\/\/mfrancais.com\/?page_id=2214&amp;lang=fr\">ici<\/a>, le professeur vous r\u00e9pondra d\u00e8s que possible !<\/p>\n\n\n\n<p>Pour la consommation et restitution de cr\u00e9dit voir les <a href=\"https:\/\/mfrancais.com\/?page_id=2607&amp;lang=fr\">conditions g\u00e9n\u00e9rales de vente<\/a><\/p>\n\n\n\n<p><\/p>\n","protected":false},"excerpt":{"rendered":"<p>Foire Aux Questions Que fait-on lors d&rsquo;un cours ? Un cours standard est g\u00e9n\u00e9ralement compos\u00e9 de 3 parties : conversation, grammaire, prononciation.La conversation peut \u00eatre sur un sujet particulier que vous choisirez ou que le professeur vous proposera, mais \u00e7a peut \u00eatre aussi de la conversation quotidienne \u00ab\u00a0qu&rsquo;avez-vous fait ce week-end ?\u00a0\u00bb, \u00ab\u00a0qu&rsquo;avez vous pr\u00e9vu [&hellip;]<\/p>\n","protected":false},"author":1,"featured_media":0,"parent":0,"menu_order":0,"comment_status":"closed","ping_status":"closed","template":"","meta":{"footnotes":""},"class_list":["post-2744","page","type-page","status-publish","hentry"],"blocksy_meta":[],"_links":{"self":[{"href":"https:\/\/mfrancais.com\/index.php?rest_route=\/wp\/v2\/pages\/2744","targetHints":{"allow":["GET"]}}],"collection":[{"href":"https:\/\/mfrancais.com\/index.php?rest_route=\/wp\/v2\/pages"}],"about":[{"href":"https:\/\/mfrancais.com\/index.php?rest_route=\/wp\/v2\/types\/page"}],"author":[{"embeddable":true,"href":"https:\/\/mfrancais.com\/index.php?rest_route=\/wp\/v2\/users\/1"}],"replies":[{"embeddable":true,"href":"https:\/\/mfrancais.com\/index.php?rest_route=%2Fwp%2Fv2%2Fcomments&post=2744"}],"version-history":[{"count":7,"href":"https:\/\/mfrancais.com\/index.php?rest_route=\/wp\/v2\/pages\/2744\/revisions"}],"predecessor-version":[{"id":3437,"href":"https:\/\/mfrancais.com\/index.php?rest_route=\/wp\/v2\/pages\/2744\/revisions\/3437"}],"wp:attachment":[{"href":"https:\/\/mfrancais.com\/index.php?rest_route=%2Fwp%2Fv2%2Fmedia&parent=2744"}],"curies":[{"name":"wp","href":"https:\/\/api.w.org\/{rel}","templated":true}]}}